{"id":3988,"date":"2024-09-10T16:51:09","date_gmt":"2024-09-10T14:51:09","guid":{"rendered":"https:\/\/www.dfcompany.com\/privacy-policy\/"},"modified":"2024-09-10T16:51:09","modified_gmt":"2024-09-10T14:51:09","slug":"privacy-policy","status":"publish","type":"page","link":"https:\/\/www.dfcompany.com\/en\/privacy-policy\/","title":{"rendered":"Privacy Policy"},"content":{"rendered":"<div class=\"fusion-fullwidth fullwidth-box fusion-builder-row-1 fusion-flex-container has-pattern-background has-mask-background nonhundred-percent-fullwidth non-hundred-percent-height-scrolling\" style=\"--awb-background-position:center bottom;--awb-border-radius-top-left:0px;--awb-border-radius-top-right:0px;--awb-border-radius-bottom-right:0px;--awb-border-radius-bottom-left:0px;--awb-padding-top:80px;--awb-padding-bottom:60px;--awb-background-color:#ffffff;--awb-flex-wrap:wrap;\" ><div class=\"fusion-builder-row fusion-row fusion-flex-align-items-stretch fusion-flex-content-wrap\" style=\"max-width:1404px;margin-left: calc(-4% \/ 2 );margin-right: calc(-4% \/ 2 );\"><div class=\"fusion-layout-column fusion_builder_column fusion-builder-column-0 fusion_builder_column_1_1 1_1 fusion-flex-column\" style=\"--awb-bg-blend:overlay;--awb-bg-size:cover;--awb-width-large:100%;--awb-margin-top-large:0px;--awb-spacing-right-large:1.92%;--awb-margin-bottom-large:20px;--awb-spacing-left-large:1.92%;--awb-width-medium:100%;--awb-order-medium:0;--awb-spacing-right-medium:1.92%;--awb-spacing-left-medium:1.92%;--awb-width-small:100%;--awb-order-small:0;--awb-spacing-right-small:1.92%;--awb-spacing-left-small:1.92%;\" data-scroll-devices=\"small-visibility,medium-visibility,large-visibility\"><div class=\"fusion-column-wrapper fusion-column-has-shadow fusion-flex-justify-content-center fusion-content-layout-column\"><div class=\"fusion-text fusion-text-1\" style=\"--awb-text-transform:none;\"><div class=\"post-content\">\n<div class=\"fusion-fullwidth fullwidth-box fusion-builder-row-2 fusion-flex-container nonhundred-percent-fullwidth non-hundred-percent-height-scrolling\">\n<div class=\"fusion-builder-row fusion-row fusion-flex-align-items-flex-start\">\n<div class=\"fusion-layout-column fusion_builder_column fusion-builder-column-3 fusion_builder_column_1_1 1_1 fusion-flex-column\">\n<div class=\"fusion-column-wrapper fusion-flex-justify-content-flex-start fusion-content-layout-column\">\n<div class=\"fusion-text fusion-text-1\">\n<p style=\"text-align: justify;\"><strong>INFORMATIVA PRIVACY<br \/>\n<\/strong><\/p>\n<p style=\"text-align: justify;\">DF Company S.R.L. informa che, in ossequio a quanto previsto dagli artt. 13 e 14 del Regolamento UE n. 2016\/679 (GDPR), i dati forniti saranno trattati secondo i principi di correttezza, liceit\u00e0 e trasparenza, nonch\u00e9 nel rispetto degli obblighi di riservatezza cui l\u2019azienda \u00e8 tenuta.<\/p>\n<p style=\"text-align: justify;\"><strong>TITOLARE DEL TRATTAMENTO <\/strong><\/p>\n<p style=\"text-align: justify;\">Il Titolare del trattamento \u00e8 DF Company S.R.L. &#8211; P.Iva e C.F. 01749650162, con Sede Legale e Operativa in Via Lungo Romna 55, 24020 Casnigo (BG). Il Titolare pu\u00f2 essere contattato per posta a questi stessi indirizzi oppure a mezzo e-mail all\u2019indirizzo info@dfcompany.com<\/p>\n<p style=\"text-align: justify;\"><strong>TIPOLOGIA DEI DATI TRATTATI<\/strong><\/p>\n<p style=\"text-align: justify;\">Il presente sito web offre agli utenti contenuti di tipo informativo ed interattivo. Durante la navigazione potranno essere raccolti dati nelle modalit\u00e0 di seguito esplicate.<\/p>\n<ol style=\"text-align: justify;\">\n<li><strong>Dati di navigazione<\/strong><\/li>\n<\/ol>\n<p style=\"text-align: justify;\">I sistemi informatici e le procedure software preposte al funzionamento di questo sito web acquisiscono, nel corso del loro normale esercizio, alcuni dati personali la cui trasmissione \u00e8 implicita nell\u2019uso dei protocolli di comunicazione di internet. In questa categoria di dati rientrano gli indirizzi IP, il tipo di browser utilizzato, il sistema operativo, il nome di dominio e gli indirizzi di siti web dai quali \u00e8 stato effettuato l\u2019accesso, le informazioni sulle pagine visitate dagli utenti all\u2019interno del sito, l\u2019orario d\u2019accesso, la permanenza sulla singola pagina, l\u2019analisi di percorso interno ed altri parametri relativi al sistema operativo e all\u2019ambiente informatico dell\u2019utente. Trattasi di dati raccolti in forma aggregata che permettono il corretto funzionamento del sito, non utilizzati per la profilazione dell\u2019utente.<\/p>\n<ol style=\"text-align: justify;\" start=\"2\">\n<li><strong>Dati di contatto<\/strong><\/li>\n<\/ol>\n<p style=\"text-align: justify;\">Trattasi di dati personali forniti volontariamente dall\u2019utente\/visitatore per le seguenti finalit\u00e0:<\/p>\n<p style=\"text-align: justify;\">\u2013 richiesta di contatto con l\u2019azienda e i suoi servizi;<\/p>\n<p style=\"text-align: justify;\">Tali circostanze comportano l\u2019acquisizione dei dati di contatto del mittente, necessari esclusivamente a fornire riscontri e ad erogare il servizio richiesto, nonch\u00e9 di tutti i dati personali eventualmente contenuti nella comunicazione medesima.<\/p>\n<p style=\"text-align: justify;\">L\u2019immissione facoltativa di dati in forma esplicita e volontaria da parte dell\u2019utente comporta l\u2019accettazione espressa della presente informativa, il consenso a che i contenuti inseriti siano diffusi anche a terzi esclusivamente ai fini dell\u2019erogazione del servizio, nonch\u00e9 l\u2019esonero dell\u2019azienda da responsabilit\u00e0 collegate all\u2019eventuale violazione di norme di legge.<\/p>\n<ol style=\"text-align: justify;\" start=\"3\">\n<li><strong>Cookie<\/strong><\/li>\n<\/ol>\n<p style=\"text-align: justify;\">Si rimanda espressamente all\u2019<a href=\"https:\/\/www.dfcompany.com\/cookie-policy-ue\/\"><strong>informativa Cookie<\/strong><\/a> del presente sito web.<\/p>\n<p style=\"text-align: justify;\"><strong>FINALIT\u00c0 DEL TRATTAMENTO E RELATIVA BASE GIURIDICA<\/strong><\/p>\n<p style=\"text-align: justify;\">I dati personali forniti dall\u2019utente saranno oggetto di trattamento per finalit\u00e0 strettamente correlate all\u2019utilizzo del sito internet dell\u2019azienda e delle funzionalit\u00e0 in esso contenute e, nello specifico:<\/p>\n<ul style=\"text-align: justify;\">\n<li>con riferimento al punto 1), ovvero ai dati raccolti al fine di garantire il corretto funzionamento delle pagine web e dei loro contenuti, il trattamento posto in essere si basa su un legittimo interesse del Titolare (art. 6, par. 1, lett. f), Reg. UE 679\/2016) o sulla necessit\u00e0 di adempiere a specifici obblighi derivanti dalla legge o da regolamenti (art. 6, par. 1, lett. c), Reg. UE 679\/2016);<\/li>\n<li>in relazione al punto 2), concernente i dati forniti volontariamente dall\u2019utente e raccolti per finalit\u00e0 di gestione delle richieste del medesimo, erogazione di servizi e valutazione delle candidature, il trattamento avverr\u00e0 per l\u2019esecuzione di un contratto di cui l\u2019interessato \u00e8 parte, per l\u2019esecuzione di misure precontrattuali adottate su richiesta dello stesso (art. 6, par. 1, lett. b), Reg. UE 679\/2016), o per adempiere a specifici obblighi derivanti dalla legge o da regolamenti (art. 6, par. 1, lett. c), Reg. UE 679\/2016).<\/li>\n<li>Il conferimento dei dati per le finalit\u00e0 di cui al punto 2) \u00e8 facoltativo ed il rifiuto a prestare il relativo consenso al Trattamento dar\u00e0 luogo all\u2019impossibilit\u00e0 di erogazione del relativo servizio.<\/li>\n<\/ul>\n<p style=\"text-align: justify;\"><strong>MODALIT\u00c0 DI TRATTAMENTO<\/strong><\/p>\n<p style=\"text-align: justify;\">Si informa che il trattamento dei dati personali viene effettuato presso la sede del Titolare, prevalentemente utilizzando procedure e supporti elettronici, nel rispetto delle disposizioni di legge e delle misure necessarie a garantire la sicurezza, integrit\u00e0 e riservatezza dei dati stessi. Il trattamento e la conservazione dei dati avviene per il tempo strettamente necessario a conseguire gli scopi per i quali i dati sono stati raccolti e, comunque, in conformit\u00e0 ai principi di liceit\u00e0, correttezza, non eccedenza e pertinenza previsti dalla vigente normativa nazionale e comunitaria in materia.<\/p>\n<p style=\"text-align: justify;\"><strong>PERIODO DI CONSERVAZIONE<\/strong><\/p>\n<p style=\"text-align: justify;\">I dati relativi ai log di navigazione, qualora registrati, saranno conservati per la durata della sessione e l\u2019intera durata dell\u2019utilizzo del sito web. I dati forniti dall\u2019utente\/visitatore saranno conservati per il periodo strettamente necessario a conseguire gli scopi per cui sono stati raccolti, ovvero per dar seguito alla tua richiesta o per compiere le verifiche richieste per ottemperare agli obblighi di legge.<\/p>\n<p style=\"text-align: justify;\"><strong>DIFFUSIONE <\/strong><\/p>\n<p style=\"text-align: justify;\">Informiamo inoltre che i dati raccolti non saranno mai diffusi e non saranno oggetto di comunicazione senza Suo esplicito consenso, salvo le comunicazioni necessarie che possono comportare il trasferimento di dati ad enti pubblici, a consulenti o ad altri soggetti per l\u2019adempimento ad obblighi contrattuali o di legge.<\/p>\n<p style=\"text-align: justify;\"><strong>DIRITTI DEGLI INTERESSATI<\/strong><\/p>\n<p style=\"text-align: justify;\">In relazione al trattamento dei dati personali, l\u2019utente ha facolt\u00e0 di esercitare i seguenti diritti:<\/p>\n<ul style=\"text-align: justify;\">\n<li>di accesso ai dati personali (art. 15)<\/li>\n<li>il diritto di rettifica (art. 16)<\/li>\n<li>alla cancellazione (art. 17)<\/li>\n<li>alla limitazione del trattamento dei dati personali (art. 18)<\/li>\n<li>alla portabilit\u00e0 dei dati personali (art. 20)<\/li>\n<li>di opposizione (art. 21)<\/li>\n<li>a non essere sottoposto ad una decisione automatizzata (art. 22)<\/li>\n<li>di proporre reclamo ad un\u2019autorit\u00e0 di controllo (art. 77).<\/li>\n<\/ul>\n<p style=\"text-align: justify;\">Per ogni questione avente ad oggetto la protezione dei dati personali e\/o l\u2019esercizio dei diritti sopra elencati \u00e8 possibile contattare il Titolare a mezzo comunicazione scritta, inoltrata all\u2019indirizzo e-mail: info@dfcompany.com<\/p>\n<\/div>\n<\/div>\n<\/div>\n<\/div>\n<\/div>\n<\/div>\n<\/div><\/div><\/div><\/div><\/div>\n","protected":false},"excerpt":{"rendered":"","protected":false},"author":1,"featured_media":0,"parent":0,"menu_order":0,"comment_status":"closed","ping_status":"closed","template":"100-width.php","meta":{"footnotes":""},"class_list":["post-3988","page","type-page","status-publish","hentry"],"_links":{"self":[{"href":"https:\/\/www.dfcompany.com\/en\/wp-json\/wp\/v2\/pages\/3988","targetHints":{"allow":["GET"]}}],"collection":[{"href":"https:\/\/www.dfcompany.com\/en\/wp-json\/wp\/v2\/pages"}],"about":[{"href":"https:\/\/www.dfcompany.com\/en\/wp-json\/wp\/v2\/types\/page"}],"author":[{"embeddable":true,"href":"https:\/\/www.dfcompany.com\/en\/wp-json\/wp\/v2\/users\/1"}],"replies":[{"embeddable":true,"href":"https:\/\/www.dfcompany.com\/en\/wp-json\/wp\/v2\/comments?post=3988"}],"version-history":[{"count":0,"href":"https:\/\/www.dfcompany.com\/en\/wp-json\/wp\/v2\/pages\/3988\/revisions"}],"wp:attachment":[{"href":"https:\/\/www.dfcompany.com\/en\/wp-json\/wp\/v2\/media?parent=3988"}],"curies":[{"name":"wp","href":"https:\/\/api.w.org\/{rel}","templated":true}]}}